{"id":18,"date":"2024-05-17T15:57:02","date_gmt":"2024-05-17T15:57:02","guid":{"rendered":"https:\/\/www.moderni-ucetnictvi.cz\/?page_id=18"},"modified":"2026-01-17T11:18:20","modified_gmt":"2026-01-17T11:18:20","slug":"moderni-ucetnictvi-homepage","status":"publish","type":"page","link":"https:\/\/www.moderni-ucetnictvi.cz\/","title":{"rendered":"Modern\u00ed \u00fa\u010detnictv\u00ed &#8211; homepage"},"content":{"rendered":"<p>[et_pb_section fb_built=&#8220;1&#8243; _builder_version=&#8220;4.27.5&#8243; _module_preset=&#8220;default&#8220; background_color=&#8220;#eefbf0&#8243; custom_padding=&#8220;80px||80px||true|&#8220; global_colors_info=&#8220;{}&#8220;][et_pb_row _builder_version=&#8220;4.27.5&#8243; _module_preset=&#8220;default&#8220; custom_padding=&#8220;|200px|0px|200px|false|true&#8220; hover_enabled=&#8220;0&#8243; global_colors_info=&#8220;{}&#8220; custom_padding_last_edited=&#8220;on|phone&#8220; sticky_enabled=&#8220;0&#8243; custom_padding_tablet=&#8220;|0px||0px|false|true&#8220; custom_padding_phone=&#8220;|0px||0px|false|true&#8220;][et_pb_column type=&#8220;4_4&#8243; _builder_version=&#8220;4.27.5&#8243; _module_preset=&#8220;default&#8220; global_colors_info=&#8220;{}&#8220;][et_pb_text _builder_version=&#8220;4.27.5&#8243; _module_preset=&#8220;default&#8220; header_font=&#8220;Patrick Hand||||||||&#8220; header_text_align=&#8220;center&#8220; header_font_size=&#8220;60px&#8220; hover_enabled=&#8220;0&#8243; global_colors_info=&#8220;{}&#8220; header_font_size_last_edited=&#8220;on|tablet&#8220; sticky_enabled=&#8220;0&#8243; header_font_size_phone=&#8220;40px&#8220; header_font_size_tablet=&#8220;60px&#8220;]<\/p>\n<h1>\u00da\u010detnictv\u00ed, kter\u00e9 dr\u017e\u00ed v\u00e1\u0161 byznys v rovnov\u00e1ze<\/h1>\n<p>[\/et_pb_text][et_pb_button button_url=&#8220;#kontakt&#8220; button_text=&#8220;Kontaktovat n\u00e1s&#8220; button_alignment=&#8220;center&#8220; _builder_version=&#8220;4.27.5&#8243; _module_preset=&#8220;default&#8220; custom_button=&#8220;on&#8220; button_text_color=&#8220;#FFFFFF&#8220; button_bg_color=&#8220;#4b6d4a&#8220; button_border_width=&#8220;0px&#8220; button_border_radius=&#8220;10px&#8220; button_font=&#8220;Patrick Hand||||||||&#8220; button_use_icon=&#8220;off&#8220; custom_margin=&#8220;70px|||||&#8220; global_colors_info=&#8220;{}&#8220; button_bg_color__hover_enabled=&#8220;on|hover&#8220; button_bg_color__hover=&#8220;#355135&#8243; button_bg_enable_color__hover=&#8220;on&#8220;][\/et_pb_button][et_pb_text _builder_version=&#8220;4.27.5&#8243; _module_preset=&#8220;default&#8220; text_font=&#8220;Patrick Hand||||||||&#8220; text_font_size=&#8220;20px&#8220; header_2_font=&#8220;Patrick Hand||||||||&#8220; header_2_font_size=&#8220;36px&#8220; header_3_font=&#8220;Patrick Hand||||||||&#8220; header_3_font_size=&#8220;26px&#8220; text_orientation=&#8220;center&#8220; custom_margin=&#8220;54px||9px|||&#8220; global_colors_info=&#8220;{}&#8220;]<\/p>\n<p>Smart\u00a0 \u00a0|\u00a0 \u00a0Modern\u00a0 \u00a0|\u00a0 \u00a0Dynamics<\/p>\n<p>[\/et_pb_text][\/et_pb_column][\/et_pb_row][\/et_pb_section][et_pb_section fb_built=&#8220;1&#8243; _builder_version=&#8220;4.27.5&#8243; _module_preset=&#8220;default&#8220; custom_padding=&#8220;70px||5px||false|&#8220; global_colors_info=&#8220;{}&#8220;][et_pb_row column_structure=&#8220;3_5,2_5&#8243; _builder_version=&#8220;4.27.5&#8243; _module_preset=&#8220;default&#8220; custom_padding=&#8220;7px|||||&#8220; global_colors_info=&#8220;{}&#8220;][et_pb_column type=&#8220;3_5&#8243; _builder_version=&#8220;4.27.5&#8243; _module_preset=&#8220;default&#8220; global_colors_info=&#8220;{}&#8220;][et_pb_text _builder_version=&#8220;4.27.5&#8243; _module_preset=&#8220;default&#8220; header_2_font=&#8220;Patrick Hand||||||||&#8220; header_2_font_size=&#8220;36px&#8220; global_colors_info=&#8220;{}&#8220;]<\/p>\n<h2>Kdo jsme<\/h2>\n<p>[\/et_pb_text][et_pb_text _builder_version=&#8220;4.27.5&#8243; _module_preset=&#8220;default&#8220; text_text_color=&#8220;#000000&#8243; global_colors_info=&#8220;{}&#8220;]<\/p>\n<p>Lorem ipsum dolor sit amet, consectetur adipiscing elit. Nullam interdum nunc volutpat enim interdum finibus. Duis quis mi consequat, aliquet libero eget, dictum ipsum. Morbi sit amet elementum enim. Nulla imperdiet turpis magna, commodo commodo velit commodo at.<\/p>\n<p>[\/et_pb_text][\/et_pb_column][et_pb_column type=&#8220;2_5&#8243; _builder_version=&#8220;4.27.5&#8243; _module_preset=&#8220;default&#8220; global_colors_info=&#8220;{}&#8220;][et_pb_image src=&#8220;data:image\/svg+xml;base64,PHN2ZyB3aWR0aD0iMTA4MCIgaGVpZ2h0PSI1NDAiIHZpZXdCb3g9IjAgMCAxMDgwIDU0MCIgeG1sbnM9Imh0dHA6Ly93d3cudzMub3JnLzIwMDAvc3ZnIj4KICAgIDxnIGZpbGw9Im5vbmUiIGZpbGwtcnVsZT0iZXZlbm9kZCI+CiAgICAgICAgPHBhdGggZmlsbD0iI0VCRUJFQiIgZD0iTTAgMGgxMDgwdjU0MEgweiIvPgogICAgICAgIDxwYXRoIGQ9Ik00NDUuNjQ5IDU0MGgtOTguOTk1TDE0NC42NDkgMzM3Ljk5NSAwIDQ4Mi42NDR2LTk4Ljk5NWwxMTYuMzY1LTExNi4zNjVjMTUuNjItMTUuNjIgNDAuOTQ3LTE1LjYyIDU2LjU2OCAwTDQ0NS42NSA1NDB6IiBmaWxsLW9wYWNpdHk9Ii4xIiBmaWxsPSIjMDAwIiBmaWxsLXJ1bGU9Im5vbnplcm8iLz4KICAgICAgICA8Y2lyY2xlIGZpbGwtb3BhY2l0eT0iLjA1IiBmaWxsPSIjMDAwIiBjeD0iMzMxIiBjeT0iMTQ4IiByPSI3MCIvPgogICAgICAgIDxwYXRoIGQ9Ik0xMDgwIDM3OXYxMTMuMTM3TDcyOC4xNjIgMTQwLjMgMzI4LjQ2MiA1NDBIMjE1LjMyNEw2OTkuODc4IDU1LjQ0NmMxNS42Mi0xNS42MiA0MC45NDgtMTUuNjIgNTYuNTY4IDBMMTA4MCAzNzl6IiBmaWxsLW9wYWNpdHk9Ii4yIiBmaWxsPSIjMDAwIiBmaWxsLXJ1bGU9Im5vbnplcm8iLz4KICAgIDwvZz4KPC9zdmc+Cg==&#8220; _builder_version=&#8220;4.27.5&#8243; _module_preset=&#8220;default&#8220; global_colors_info=&#8220;{}&#8220;][\/et_pb_image][\/et_pb_column][\/et_pb_row][\/et_pb_section][et_pb_section fb_built=&#8220;1&#8243; _builder_version=&#8220;4.27.5&#8243; _module_preset=&#8220;default&#8220; custom_padding=&#8220;35px||35px||true|&#8220; global_colors_info=&#8220;{}&#8220;][et_pb_row _builder_version=&#8220;4.27.5&#8243; _module_preset=&#8220;default&#8220; custom_padding=&#8220;5px|||||&#8220; global_colors_info=&#8220;{}&#8220;][et_pb_column type=&#8220;4_4&#8243; _builder_version=&#8220;4.27.5&#8243; _module_preset=&#8220;default&#8220; global_colors_info=&#8220;{}&#8220;][et_pb_text _builder_version=&#8220;4.27.5&#8243; _module_preset=&#8220;default&#8220; header_2_font=&#8220;Patrick Hand||||||||&#8220; header_2_font_size=&#8220;36px&#8220; global_colors_info=&#8220;{}&#8220;]<\/p>\n<h2>Co pro v\u00e1s ud\u011bl\u00e1me<\/h2>\n<p>[\/et_pb_text][\/et_pb_column][\/et_pb_row][et_pb_row column_structure=&#8220;1_4,1_4,1_4,1_4&#8243; use_custom_gutter=&#8220;on&#8220; gutter_width=&#8220;2&#8243; _builder_version=&#8220;4.27.5&#8243; _module_preset=&#8220;default&#8220; global_colors_info=&#8220;{}&#8220;][et_pb_column type=&#8220;1_4&#8243; _builder_version=&#8220;4.27.5&#8243; _module_preset=&#8220;default&#8220; global_colors_info=&#8220;{}&#8220;][et_pb_blurb title=&#8220;\u00da\u010detnictv\u00ed&#8220; use_icon=&#8220;on&#8220; font_icon=&#8220;&#xe0ee;||divi||400&#8243; icon_color=&#8220;#000000&#8243; image_icon_width=&#8220;58px&#8220; _builder_version=&#8220;4.27.5&#8243; _module_preset=&#8220;default&#8220; header_level=&#8220;h3&#8243; header_font=&#8220;Patrick Hand||||||||&#8220; header_font_size=&#8220;26px&#8220; body_text_color=&#8220;#000000&#8243; background_color=&#8220;#eefbf0&#8243; text_orientation=&#8220;center&#8220; custom_padding=&#8220;30px|25px|30px|25px|true|true&#8220; border_radii=&#8220;on|10px|10px|10px|10px&#8220; border_width_all=&#8220;2px&#8220; border_color_all=&#8220;#c5d8c9&#8243; global_colors_info=&#8220;{}&#8220;]<\/p>\n<p><span>Lorem ipsum dolor sit amet, consectetur adipiscing elit. Nullam interdum nunc volutpat enim interdum finibus.<\/span><\/p>\n<p>[\/et_pb_blurb][\/et_pb_column][et_pb_column type=&#8220;1_4&#8243; _builder_version=&#8220;4.27.5&#8243; _module_preset=&#8220;default&#8220; global_colors_info=&#8220;{}&#8220;][et_pb_blurb title=&#8220;Da\u0148ov\u00e1 evidence&#8220; use_icon=&#8220;on&#8220; font_icon=&#8220;&#x69;||divi||400&#8243; icon_color=&#8220;#000000&#8243; image_icon_width=&#8220;58px&#8220; _builder_version=&#8220;4.27.5&#8243; _module_preset=&#8220;default&#8220; header_level=&#8220;h3&#8243; header_font=&#8220;Patrick Hand||||||||&#8220; header_font_size=&#8220;26px&#8220; body_text_color=&#8220;#000000&#8243; background_color=&#8220;#eefbf0&#8243; text_orientation=&#8220;center&#8220; custom_padding=&#8220;30px|25px|30px|25px|true|true&#8220; border_radii=&#8220;on|10px|10px|10px|10px&#8220; border_width_all=&#8220;2px&#8220; border_color_all=&#8220;#c5d8c9&#8243; global_colors_info=&#8220;{}&#8220;]<\/p>\n<p><span>Lorem ipsum dolor sit amet, consectetur adipiscing elit. Nullam interdum nunc volutpat enim interdum finibus.<\/span><\/p>\n<p>[\/et_pb_blurb][\/et_pb_column][et_pb_column type=&#8220;1_4&#8243; _builder_version=&#8220;4.27.5&#8243; _module_preset=&#8220;default&#8220; global_colors_info=&#8220;{}&#8220;][et_pb_blurb title=&#8220;Mzdov\u00e1 agenda&#8220; use_icon=&#8220;on&#8220; font_icon=&#8220;&#xe022;||divi||400&#8243; icon_color=&#8220;#000000&#8243; image_icon_width=&#8220;58px&#8220; _builder_version=&#8220;4.27.5&#8243; _module_preset=&#8220;default&#8220; header_level=&#8220;h3&#8243; header_font=&#8220;Patrick Hand||||||||&#8220; header_font_size=&#8220;26px&#8220; body_text_color=&#8220;#000000&#8243; background_color=&#8220;#eefbf0&#8243; text_orientation=&#8220;center&#8220; custom_padding=&#8220;30px|25px|30px|25px|true|true&#8220; border_radii=&#8220;on|10px|10px|10px|10px&#8220; border_width_all=&#8220;2px&#8220; border_color_all=&#8220;#c5d8c9&#8243; global_colors_info=&#8220;{}&#8220;]<\/p>\n<p><span>Lorem ipsum dolor sit amet, consectetur adipiscing elit. Nullam interdum nunc volutpat enim interdum finibus.<\/span><\/p>\n<p>[\/et_pb_blurb][\/et_pb_column][et_pb_column type=&#8220;1_4&#8243; _builder_version=&#8220;4.27.5&#8243; _module_preset=&#8220;default&#8220; global_colors_info=&#8220;{}&#8220;][et_pb_blurb title=&#8220;Poradenstv\u00ed&#8220; use_icon=&#8220;on&#8220; font_icon=&#8220;&#xe007;||divi||400&#8243; icon_color=&#8220;#000000&#8243; image_icon_width=&#8220;58px&#8220; _builder_version=&#8220;4.27.5&#8243; _module_preset=&#8220;default&#8220; header_level=&#8220;h3&#8243; header_font=&#8220;Patrick Hand||||||||&#8220; header_font_size=&#8220;26px&#8220; body_text_color=&#8220;#000000&#8243; background_color=&#8220;#eefbf0&#8243; text_orientation=&#8220;center&#8220; custom_padding=&#8220;30px|25px|30px|25px|true|true&#8220; border_radii=&#8220;on|10px|10px|10px|10px&#8220; border_width_all=&#8220;2px&#8220; border_color_all=&#8220;#c5d8c9&#8243; global_colors_info=&#8220;{}&#8220;]<\/p>\n<p><span>Lorem ipsum dolor sit amet, consectetur adipiscing elit. Nullam interdum nunc volutpat enim interdum finibus.<\/span><\/p>\n<p>[\/et_pb_blurb][\/et_pb_column][\/et_pb_row][\/et_pb_section][et_pb_section fb_built=&#8220;1&#8243; _builder_version=&#8220;4.27.5&#8243; _module_preset=&#8220;default&#8220; custom_padding=&#8220;3px||70px||false|&#8220; global_colors_info=&#8220;{}&#8220;][et_pb_row _builder_version=&#8220;4.27.5&#8243; _module_preset=&#8220;default&#8220; custom_padding=&#8220;7px|||||&#8220; global_colors_info=&#8220;{}&#8220;][et_pb_column type=&#8220;4_4&#8243; _builder_version=&#8220;4.27.5&#8243; _module_preset=&#8220;default&#8220; global_colors_info=&#8220;{}&#8220;][et_pb_text _builder_version=&#8220;4.27.5&#8243; _module_preset=&#8220;default&#8220; header_2_font=&#8220;Patrick Hand||||||||&#8220; header_2_font_size=&#8220;36px&#8220; global_colors_info=&#8220;{}&#8220;]<\/p>\n<h2>Pro\u010d SMD Balance<\/h2>\n<p>[\/et_pb_text][\/et_pb_column][\/et_pb_row][et_pb_row column_structure=&#8220;1_3,1_3,1_3&#8243; _builder_version=&#8220;4.27.5&#8243; _module_preset=&#8220;default&#8220; custom_padding=&#8220;7px|||||&#8220; global_colors_info=&#8220;{}&#8220;][et_pb_column type=&#8220;1_3&#8243; _builder_version=&#8220;4.27.5&#8243; _module_preset=&#8220;default&#8220; global_colors_info=&#8220;{}&#8220;][et_pb_text _builder_version=&#8220;4.27.5&#8243; _module_preset=&#8220;default&#8220; header_2_font=&#8220;Patrick Hand||||||||&#8220; header_2_font_size=&#8220;36px&#8220; header_3_font=&#8220;Patrick Hand||||||||&#8220; header_3_font_size=&#8220;26px&#8220; custom_margin=&#8220;||9px|||&#8220; global_colors_info=&#8220;{}&#8220;]<\/p>\n<h3>Rychl\u00e1 komunikace<\/h3>\n<p>[\/et_pb_text][et_pb_text _builder_version=&#8220;4.27.5&#8243; _module_preset=&#8220;default&#8220; text_text_color=&#8220;#000000&#8243; global_colors_info=&#8220;{}&#8220;]<\/p>\n<p>Lorem ipsum dolor sit amet, consectetur adipiscing elit. Nullam interdum nunc volutpat enim interdum finibus. Duis quis mi consequat, aliquet libero eget, dictum ipsum. Morbi sit amet elementum enim. Nulla imperdiet turpis magna, commodo commodo velit commodo at.<\/p>\n<p>[\/et_pb_text][\/et_pb_column][et_pb_column type=&#8220;1_3&#8243; _builder_version=&#8220;4.27.5&#8243; _module_preset=&#8220;default&#8220; global_colors_info=&#8220;{}&#8220;][et_pb_text _builder_version=&#8220;4.27.5&#8243; _module_preset=&#8220;default&#8220; header_2_font=&#8220;Patrick Hand||||||||&#8220; header_2_font_size=&#8220;36px&#8220; header_3_font=&#8220;Patrick Hand||||||||&#8220; header_3_font_size=&#8220;26px&#8220; custom_margin=&#8220;||9px|||&#8220; global_colors_info=&#8220;{}&#8220;]<\/p>\n<h3>Modern\u00ed komunikace<\/h3>\n<p>[\/et_pb_text][et_pb_text _builder_version=&#8220;4.27.5&#8243; _module_preset=&#8220;default&#8220; text_text_color=&#8220;#000000&#8243; global_colors_info=&#8220;{}&#8220;]<\/p>\n<p>Lorem ipsum dolor sit amet, consectetur adipiscing elit. Nullam interdum nunc volutpat enim interdum finibus. Duis quis mi consequat, aliquet libero eget, dictum ipsum. Morbi sit amet elementum enim. Nulla imperdiet turpis magna, commodo commodo velit commodo at.<\/p>\n<p>[\/et_pb_text][\/et_pb_column][et_pb_column type=&#8220;1_3&#8243; _builder_version=&#8220;4.27.5&#8243; _module_preset=&#8220;default&#8220; global_colors_info=&#8220;{}&#8220;][et_pb_text _builder_version=&#8220;4.27.5&#8243; _module_preset=&#8220;default&#8220; header_2_font=&#8220;Patrick Hand||||||||&#8220; header_2_font_size=&#8220;36px&#8220; header_3_font=&#8220;Patrick Hand||||||||&#8220; header_3_font_size=&#8220;26px&#8220; custom_margin=&#8220;||9px|||&#8220; global_colors_info=&#8220;{}&#8220;]<\/p>\n<h3>Lidsk\u00fd p\u0159\u00edstup<\/h3>\n<p>[\/et_pb_text][et_pb_text _builder_version=&#8220;4.27.5&#8243; _module_preset=&#8220;default&#8220; text_text_color=&#8220;#000000&#8243; global_colors_info=&#8220;{}&#8220;]<\/p>\n<p>Lorem ipsum dolor sit amet, consectetur adipiscing elit. Nullam interdum nunc volutpat enim interdum finibus. Duis quis mi consequat, aliquet libero eget, dictum ipsum. Morbi sit amet elementum enim. Nulla imperdiet turpis magna, commodo commodo velit commodo at.<\/p>\n<p>[\/et_pb_text][\/et_pb_column][\/et_pb_row][\/et_pb_section][et_pb_section fb_built=&#8220;1&#8243; module_id=&#8220;kontakt&#8220; _builder_version=&#8220;4.27.5&#8243; _module_preset=&#8220;default&#8220; background_color=&#8220;#4b6d4a&#8220; global_colors_info=&#8220;{}&#8220;][et_pb_row _builder_version=&#8220;4.27.5&#8243; _module_preset=&#8220;default&#8220; custom_padding=&#8220;5px|||||&#8220; global_colors_info=&#8220;{}&#8220;][et_pb_column type=&#8220;4_4&#8243; _builder_version=&#8220;4.27.5&#8243; _module_preset=&#8220;default&#8220; global_colors_info=&#8220;{}&#8220;][et_pb_text _builder_version=&#8220;4.27.5&#8243; _module_preset=&#8220;default&#8220; header_2_font=&#8220;Patrick Hand||||||||&#8220; header_2_text_color=&#8220;#FFFFFF&#8220; header_2_font_size=&#8220;36px&#8220; global_colors_info=&#8220;{}&#8220;]<\/p>\n<h2>Kontakt<\/h2>\n<p>[\/et_pb_text][\/et_pb_column][\/et_pb_row][et_pb_row column_structure=&#8220;1_3,1_3,1_3&#8243; _builder_version=&#8220;4.27.5&#8243; _module_preset=&#8220;default&#8220; custom_padding=&#8220;5px|||||&#8220; global_colors_info=&#8220;{}&#8220;][et_pb_column type=&#8220;1_3&#8243; _builder_version=&#8220;4.27.5&#8243; _module_preset=&#8220;default&#8220; global_colors_info=&#8220;{}&#8220;][et_pb_text _builder_version=&#8220;4.27.5&#8243; _module_preset=&#8220;default&#8220; text_text_color=&#8220;#FFFFFF&#8220; global_colors_info=&#8220;{}&#8220;]<\/p>\n<p><strong>SMD Balance s.r.o.<\/strong><br \/>I\u010cO: 21510610<br \/>Krapkova 1159\/3, Nov\u00e1 Ulice, 779 00 Olomouc<\/p>\n<p><em>Spole\u010dnost je zaps\u00e1na v obchodn\u00edm rejst\u0159\u00edku veden\u00e9m Krajsk\u00fdm soudem v Ostrav\u011b, sp. zn. C 95899.<\/em><\/p>\n<p>[\/et_pb_text][\/et_pb_column][et_pb_column type=&#8220;1_3&#8243; _builder_version=&#8220;4.27.5&#8243; _module_preset=&#8220;default&#8220; global_colors_info=&#8220;{}&#8220;][et_pb_text _builder_version=&#8220;4.27.5&#8243; _module_preset=&#8220;default&#8220; text_text_color=&#8220;#FFFFFF&#8220; global_colors_info=&#8220;{}&#8220;]<\/p>\n<p><b>Telefon:<\/b><\/p>\n<p><b>E-mail:<\/b><\/p>\n<p>[\/et_pb_text][\/et_pb_column][et_pb_column type=&#8220;1_3&#8243; _builder_version=&#8220;4.27.5&#8243; _module_preset=&#8220;default&#8220; global_colors_info=&#8220;{}&#8220;][\/et_pb_column][\/et_pb_row][\/et_pb_section]<\/p>\n","protected":false},"excerpt":{"rendered":"<p>\u00da\u010detnictv\u00ed, kter\u00e9 dr\u017e\u00ed v\u00e1\u0161 byznys v rovnov\u00e1zeSmart\u00a0 \u00a0|\u00a0 \u00a0Modern\u00a0 \u00a0|\u00a0 \u00a0DynamicsKdo jsmeLorem ipsum dolor sit amet, consectetur adipiscing elit. Nullam interdum nunc volutpat enim interdum finibus. Duis quis mi consequat, aliquet libero eget, dictum ipsum. Morbi sit amet elementum enim. Nulla imperdiet turpis magna, commodo commodo velit commodo at.Co pro v\u00e1s ud\u011bl\u00e1meLorem ipsum dolor sit [&hellip;]<\/p>\n","protected":false},"author":1,"featured_media":0,"parent":0,"menu_order":0,"comment_status":"closed","ping_status":"closed","template":"","meta":{"_et_pb_use_builder":"on","_et_pb_old_content":"","_et_gb_content_width":"","footnotes":""},"class_list":["post-18","page","type-page","status-publish","hentry"],"_links":{"self":[{"href":"https:\/\/www.moderni-ucetnictvi.cz\/index.php?rest_route=\/wp\/v2\/pages\/18","targetHints":{"allow":["GET"]}}],"collection":[{"href":"https:\/\/www.moderni-ucetnictvi.cz\/index.php?rest_route=\/wp\/v2\/pages"}],"about":[{"href":"https:\/\/www.moderni-ucetnictvi.cz\/index.php?rest_route=\/wp\/v2\/types\/page"}],"author":[{"embeddable":true,"href":"https:\/\/www.moderni-ucetnictvi.cz\/index.php?rest_route=\/wp\/v2\/users\/1"}],"replies":[{"embeddable":true,"href":"https:\/\/www.moderni-ucetnictvi.cz\/index.php?rest_route=%2Fwp%2Fv2%2Fcomments&post=18"}],"version-history":[{"count":7,"href":"https:\/\/www.moderni-ucetnictvi.cz\/index.php?rest_route=\/wp\/v2\/pages\/18\/revisions"}],"predecessor-version":[{"id":36,"href":"https:\/\/www.moderni-ucetnictvi.cz\/index.php?rest_route=\/wp\/v2\/pages\/18\/revisions\/36"}],"wp:attachment":[{"href":"https:\/\/www.moderni-ucetnictvi.cz\/index.php?rest_route=%2Fwp%2Fv2%2Fmedia&parent=18"}],"curies":[{"name":"wp","href":"https:\/\/api.w.org\/{rel}","templated":true}]}}